{"id":2,"date":"2023-01-21T20:30:48","date_gmt":"2023-01-21T20:30:48","guid":{"rendered":"https:\/\/novo.siteup.dev\/?page_id=2"},"modified":"2024-01-29T14:14:43","modified_gmt":"2024-01-29T17:14:43","slug":"blog","status":"publish","type":"page","link":"https:\/\/novo.siteup.dev\/en\/blog\/","title":{"rendered":"Blog"},"content":{"rendered":"<p>Bem-vindo ao blog da UpSites, sua principal fonte de insights e estrat\u00e9gias no mundo digital! Aqui, n\u00f3s nos dedicamos a explorar as mais recentes tend\u00eancias e t\u00e9cnicas em <a href=\"https:\/\/novo.siteup.dev\/en\/web-designer\/\" style=\"font-weight:bold\">Web Design<\/a>, <a href=\"https:\/\/novo.siteup.dev\/en\/\" style=\"font-weight:bold\">Cria\u00e7\u00e3o de Sites<\/a>, <a href=\"https:\/\/novo.siteup.dev\/en\/estrategias-vendas-online\/\" style=\"font-weight:bold\">Vendas Online<\/a>, SEO e Marketing Digital. Nossos conte\u00fados s\u00e3o cuidadosamente elaborados por especialistas na \u00e1rea, garantindo que voc\u00ea tenha acesso a informa\u00e7\u00f5es valiosas e pr\u00e1ticas para elevar sua presen\u00e7a online.<\/p>","protected":false},"excerpt":{"rendered":"<p>Bem-vindo ao blog da UpSites, sua principal fonte de insights e estrat\u00e9gias no mundo digital! Aqui, n\u00f3s nos dedicamos a explorar as mais recentes tend\u00eancias e t\u00e9cnicas em Web Design, Cria\u00e7\u00e3o de Sites, Vendas Online, SEO e Marketing Digital. Nossos conte\u00fados s\u00e3o cuidadosamente elaborados por especialistas na \u00e1rea, garantindo que voc\u00ea tenha acesso a informa\u00e7\u00f5es [&hellip;]<\/p>","protected":false},"author":1,"featured_media":0,"parent":0,"menu_order":0,"comment_status":"closed","ping_status":"open","template":"template-pages\/blog.php","meta":{"inline_featured_image":false,"footnotes":""},"class_list":["post-2","page","type-page","status-publish","hentry"],"acf":[],"_links":{"self":[{"href":"https:\/\/novo.siteup.dev\/en\/wp-json\/wp\/v2\/pages\/2","targetHints":{"allow":["GET"]}}],"collection":[{"href":"https:\/\/novo.siteup.dev\/en\/wp-json\/wp\/v2\/pages"}],"about":[{"href":"https:\/\/novo.siteup.dev\/en\/wp-json\/wp\/v2\/types\/page"}],"author":[{"embeddable":true,"href":"https:\/\/novo.siteup.dev\/en\/wp-json\/wp\/v2\/users\/1"}],"replies":[{"embeddable":true,"href":"https:\/\/novo.siteup.dev\/en\/wp-json\/wp\/v2\/comments?post=2"}],"version-history":[{"count":0,"href":"https:\/\/novo.siteup.dev\/en\/wp-json\/wp\/v2\/pages\/2\/revisions"}],"wp:attachment":[{"href":"https:\/\/novo.siteup.dev\/en\/wp-json\/wp\/v2\/media?parent=2"}],"curies":[{"name":"wp","href":"https:\/\/api.w.org\/{rel}","templated":true}]}}