{"id":17662,"date":"2023-04-27T18:39:16","date_gmt":"2023-04-27T18:39:16","guid":{"rendered":"https:\/\/novo.siteup.dev\/?page_id=17662"},"modified":"2024-01-29T11:50:17","modified_gmt":"2024-01-29T14:50:17","slug":"criacao-site-medico","status":"publish","type":"page","link":"https:\/\/novo.siteup.dev\/en\/criacao-site-medico\/","title":{"rendered":"Cria\u00e7\u00e3o de Site para M\u00e9dicos"},"content":{"rendered":"","protected":false},"excerpt":{"rendered":"","protected":false},"author":1,"featured_media":0,"parent":0,"menu_order":0,"comment_status":"closed","ping_status":"closed","template":"template-pages\/landing.php","meta":{"inline_featured_image":false,"footnotes":""},"class_list":["post-17662","page","type-page","status-publish","hentry"],"acf":[],"_links":{"self":[{"href":"https:\/\/novo.siteup.dev\/en\/wp-json\/wp\/v2\/pages\/17662","targetHints":{"allow":["GET"]}}],"collection":[{"href":"https:\/\/novo.siteup.dev\/en\/wp-json\/wp\/v2\/pages"}],"about":[{"href":"https:\/\/novo.siteup.dev\/en\/wp-json\/wp\/v2\/types\/page"}],"author":[{"embeddable":true,"href":"https:\/\/novo.siteup.dev\/en\/wp-json\/wp\/v2\/users\/1"}],"replies":[{"embeddable":true,"href":"https:\/\/novo.siteup.dev\/en\/wp-json\/wp\/v2\/comments?post=17662"}],"version-history":[{"count":0,"href":"https:\/\/novo.siteup.dev\/en\/wp-json\/wp\/v2\/pages\/17662\/revisions"}],"wp:attachment":[{"href":"https:\/\/novo.siteup.dev\/en\/wp-json\/wp\/v2\/media?parent=17662"}],"curies":[{"name":"wp","href":"https:\/\/api.w.org\/{rel}","templated":true}]}}